{"id":1607,"date":"2022-05-04T15:00:32","date_gmt":"2022-05-04T15:00:32","guid":{"rendered":"https:\/\/frauke-kuhlus.de\/?page_id=1607"},"modified":"2025-05-02T09:05:23","modified_gmt":"2025-05-02T09:05:23","slug":"buchung","status":"publish","type":"page","link":"https:\/\/frauke-kuhlus.de\/index.php\/buchung\/","title":{"rendered":"Buchung"},"content":{"rendered":"<p>[et_pb_section fb_built=&#8220;1&#8243; admin_label=&#8220;Header&#8220; _builder_version=&#8220;4.14.9&#8243; background_color=&#8220;#f7f7f7&#8243; custom_margin=&#8220;0px||||false|false&#8220; custom_margin_tablet=&#8220;-150px||||false|false&#8220; custom_margin_phone=&#8220;-150px||||false|false&#8220; custom_margin_last_edited=&#8220;on|phone&#8220; custom_padding=&#8220;||0px||false|false&#8220; global_colors_info=&#8220;{}&#8220;][et_pb_row _builder_version=&#8220;4.14.9&#8243; z_index=&#8220;1&#8243; custom_margin=&#8220;60px|auto||auto|false|false&#8220; custom_margin_tablet=&#8220;60px|auto||auto|false|false&#8220; custom_margin_phone=&#8220;0px||||false|false&#8220; custom_margin_last_edited=&#8220;on|phone&#8220; custom_padding=&#8220;||0px|||&#8220; global_colors_info=&#8220;{}&#8220;][et_pb_column type=&#8220;4_4&#8243; _builder_version=&#8220;4.4.0&#8243; custom_padding=&#8220;||||false|false&#8220; global_colors_info=&#8220;{}&#8220;][et_pb_text _builder_version=&#8220;4.10.5&#8243; _module_preset=&#8220;default&#8220; header_font=&#8220;Domine||||||||&#8220; header_font_size=&#8220;3.5rem&#8220; global_colors_info=&#8220;{}&#8220;]<\/p>\n<h1 style=\"outline: none;\">Buchung<\/h1>\n<p>[\/et_pb_text][et_pb_text _builder_version=&#8220;4.14.9&#8243; _module_preset=&#8220;default&#8220; text_font=&#8220;Open Sans||||||||&#8220; global_colors_info=&#8220;{}&#8220;]<\/p>\n<p style=\"outline: none;\">Bevor du das Formular ausf\u00fcllst und abschickst, lese dir bitte den Leitfaden, wie du dein Anliegen findest, durch. Um zum Leitfaden zu kommen, scrolle runter, oder <a href=\"#anliegen\">klicke hier<\/a>.<\/p>\n<p>[\/et_pb_text][\/et_pb_column][\/et_pb_row][et_pb_row _builder_version=&#8220;4.14.9&#8243; _module_preset=&#8220;default&#8220; custom_margin=&#8220;10px||||false|false&#8220; custom_margin_tablet=&#8220;&#8220; custom_margin_phone=&#8220;15px||||false|false&#8220; custom_margin_last_edited=&#8220;on|phone&#8220; custom_padding=&#8220;||90px||false|false&#8220; global_colors_info=&#8220;{}&#8220;][et_pb_column type=&#8220;4_4&#8243; _builder_version=&#8220;4.10.5&#8243; _module_preset=&#8220;default&#8220; global_colors_info=&#8220;{}&#8220;][et_pb_contact_form email=&#8220;frauke@kuhlus.de&#8220; success_message=&#8220;Erfolgreich gesendet. Vielen Dank.&#8220; submit_button_text=&#8220;Absenden&#8220; _builder_version=&#8220;4.9.3&#8243; _module_preset=&#8220;default&#8220; title_font_size=&#8220;32px&#8220; form_field_font=&#8220;Open Sans||||||||&#8220; custom_button=&#8220;on&#8220; button_text_size=&#8220;17px&#8220; button_text_color=&#8220;#474747&#8243; button_bg_color=&#8220;#000000&#8243; button_border_radius=&#8220;0px&#8220; button_letter_spacing=&#8220;2px&#8220; button_font=&#8220;|600|||||||&#8220; text_orientation=&#8220;left&#8220; custom_margin=&#8220;||30px|||&#8220; hover_enabled=&#8220;0&#8243; custom_css_contact_button=&#8220;padding: 8px 20px 8px 20px; &#8220; border_width_all=&#8220;1px&#8220; border_color_all=&#8220;#000000&#8243; global_colors_info=&#8220;{}&#8220; use_spam_service=&#8220;on&#8220; recaptcha_list=&#8220;Frauke|Frauke-0&#8243; sticky_enabled=&#8220;0&#8243;][et_pb_contact_field field_id=&#8220;vorname&#8220; field_title=&#8220;Vorname&#8220; _builder_version=&#8220;4.14.9&#8243; form_field_font=&#8220;Open Sans||||||||&#8220; custom_css_main_element=&#8220;border-width: 1px!important;||border-color: #000000!important;&#8220; global_colors_info=&#8220;{}&#8220; button_text_size__hover_enabled=&#8220;off&#8220; button_one_text_size__hover_enabled=&#8220;off&#8220; button_two_text_size__hover_enabled=&#8220;off&#8220; button_text_color__hover_enabled=&#8220;off&#8220; button_one_text_color__hover_enabled=&#8220;off&#8220; button_two_text_color__hover_enabled=&#8220;off&#8220; button_border_width__hover_enabled=&#8220;off&#8220; button_one_border_width__hover_enabled=&#8220;off&#8220; button_two_border_width__hover_enabled=&#8220;off&#8220; button_border_color__hover_enabled=&#8220;off&#8220; button_one_border_color__hover_enabled=&#8220;off&#8220; button_two_border_color__hover_enabled=&#8220;off&#8220; button_border_radius__hover_enabled=&#8220;off&#8220; button_one_border_radius__hover_enabled=&#8220;off&#8220; button_two_border_radius__hover_enabled=&#8220;off&#8220; button_letter_spacing__hover_enabled=&#8220;off&#8220; button_one_letter_spacing__hover_enabled=&#8220;off&#8220; button_two_letter_spacing__hover_enabled=&#8220;off&#8220; button_bg_color__hover_enabled=&#8220;off&#8220; button_one_bg_color__hover_enabled=&#8220;off&#8220; button_two_bg_color__hover_enabled=&#8220;off&#8220;][\/et_pb_contact_field][et_pb_contact_field field_id=&#8220;nachname&#8220; field_title=&#8220;Nachname&#8220; _builder_version=&#8220;4.14.9&#8243; _module_preset=&#8220;default&#8220; global_colors_info=&#8220;{}&#8220;][\/et_pb_contact_field][et_pb_contact_field field_id=&#8220;Geburtsdatum&#8220; field_title=&#8220;Geburtsdatum&#8220; required_mark=&#8220;off&#8220; _builder_version=&#8220;4.14.9&#8243; _module_preset=&#8220;default&#8220; form_field_font=&#8220;Open Sans||||||||&#8220; custom_css_main_element=&#8220;border-width: 1px!important;||border-color: #000000!important;&#8220; global_colors_info=&#8220;{}&#8220;][\/et_pb_contact_field][et_pb_contact_field field_id=&#8220;Geburtszeit&#8220; field_title=&#8220;Geburtszeit&#8220; _builder_version=&#8220;4.14.9&#8243; _module_preset=&#8220;default&#8220; form_field_font=&#8220;Open Sans||||||||&#8220; custom_css_main_element=&#8220;border-width: 1px!important;||border-color: #000000!important;&#8220; global_colors_info=&#8220;{}&#8220;][\/et_pb_contact_field][et_pb_contact_field field_id=&#8220;Geburtsort&#8220; field_title=&#8220;Geburtsort&#8220; _builder_version=&#8220;4.9.3&#8243; _module_preset=&#8220;default&#8220; form_field_font=&#8220;Open Sans||||||||&#8220; custom_css_main_element=&#8220;border-width: 1px!important;||border-color: #000000!important;&#8220; global_colors_info=&#8220;{}&#8220;][\/et_pb_contact_field][et_pb_contact_field field_id=&#8220;email2&#8243; field_title=&#8220;E-Mail-Adresse&#8220; _builder_version=&#8220;4.9.3&#8243; form_field_font=&#8220;Open Sans||||||||&#8220; custom_css_main_element=&#8220;border-width: 1px!important;||border-color: #000000!important;&#8220; global_colors_info=&#8220;{}&#8220; button_text_size__hover_enabled=&#8220;off&#8220; button_one_text_size__hover_enabled=&#8220;off&#8220; button_two_text_size__hover_enabled=&#8220;off&#8220; button_text_color__hover_enabled=&#8220;off&#8220; button_one_text_color__hover_enabled=&#8220;off&#8220; button_two_text_color__hover_enabled=&#8220;off&#8220; button_border_width__hover_enabled=&#8220;off&#8220; button_one_border_width__hover_enabled=&#8220;off&#8220; button_two_border_width__hover_enabled=&#8220;off&#8220; button_border_color__hover_enabled=&#8220;off&#8220; button_one_border_color__hover_enabled=&#8220;off&#8220; button_two_border_color__hover_enabled=&#8220;off&#8220; button_border_radius__hover_enabled=&#8220;off&#8220; button_one_border_radius__hover_enabled=&#8220;off&#8220; button_two_border_radius__hover_enabled=&#8220;off&#8220; button_letter_spacing__hover_enabled=&#8220;off&#8220; button_one_letter_spacing__hover_enabled=&#8220;off&#8220; button_two_letter_spacing__hover_enabled=&#8220;off&#8220; button_bg_color__hover_enabled=&#8220;off&#8220; button_one_bg_color__hover_enabled=&#8220;off&#8220; button_two_bg_color__hover_enabled=&#8220;off&#8220;][\/et_pb_contact_field][et_pb_contact_field field_id=&#8220;Anliegen&#8220; field_title=&#8220;Dein Anliegen (max. 4 W\u00f6rter | siehe Formulierungshinweise)&#8220; fullwidth_field=&#8220;on&#8220; _builder_version=&#8220;4.14.9&#8243; global_colors_info=&#8220;{}&#8220; button_text_size__hover_enabled=&#8220;off&#8220; button_one_text_size__hover_enabled=&#8220;off&#8220; button_two_text_size__hover_enabled=&#8220;off&#8220; button_text_color__hover_enabled=&#8220;off&#8220; button_one_text_color__hover_enabled=&#8220;off&#8220; button_two_text_color__hover_enabled=&#8220;off&#8220; button_border_width__hover_enabled=&#8220;off&#8220; button_one_border_width__hover_enabled=&#8220;off&#8220; button_two_border_width__hover_enabled=&#8220;off&#8220; button_border_color__hover_enabled=&#8220;off&#8220; button_one_border_color__hover_enabled=&#8220;off&#8220; button_two_border_color__hover_enabled=&#8220;off&#8220; button_border_radius__hover_enabled=&#8220;off&#8220; button_one_border_radius__hover_enabled=&#8220;off&#8220; button_two_border_radius__hover_enabled=&#8220;off&#8220; button_letter_spacing__hover_enabled=&#8220;off&#8220; button_one_letter_spacing__hover_enabled=&#8220;off&#8220; button_two_letter_spacing__hover_enabled=&#8220;off&#8220; button_bg_color__hover_enabled=&#8220;off&#8220; button_one_bg_color__hover_enabled=&#8220;off&#8220; button_two_bg_color__hover_enabled=&#8220;off&#8220;][\/et_pb_contact_field][et_pb_contact_field field_id=&#8220;Sonstiges&#8220; field_title=&#8220;Ist dir noch etwas Wichtig?&#8220; field_type=&#8220;text&#8220; fullwidth_field=&#8220;on&#8220; _builder_version=&#8220;4.14.9&#8243; _module_preset=&#8220;default&#8220; global_colors_info=&#8220;{}&#8220;][\/et_pb_contact_field][et_pb_contact_field field_id=&#8220;anliegen_2&#8243; field_title=&#8220;W\u00e4hle eine Leistung&#8220; field_type=&#8220;select&#8220; select_options=&#8220;%91{%22value%22:%22Pers\u00f6nliches Gespr\u00e4ch%22,%22checked%22:0,%22dragID%22:-1},{%22value%22:%22Kosmetik Behandlung%22,%22checked%22:0,%22dragID%22:0},{%22value%22:%22Haut &#038; ihre Bed\u00fcrfnisse%22,%22checked%22:0,%22dragID%22:1},{%22value%22:%22Pers\u00f6nliches Coaching%22,%22checked%22:0,%22dragID%22:2},{%22value%22:%22Sonstige%22,%22checked%22:0,%22dragID%22:3}%93&#8243; fullwidth_field=&#8220;on&#8220; _builder_version=&#8220;4.14.9&#8243; _module_preset=&#8220;default&#8220; global_colors_info=&#8220;{}&#8220;][\/et_pb_contact_field][\/et_pb_contact_form][et_pb_text _builder_version=&#8220;4.14.9&#8243; _module_preset=&#8220;default&#8220; text_font=&#8220;Open Sans||||||||&#8220; global_colors_info=&#8220;{}&#8220;]<\/p>\n<p>F\u00fclle einfach die Felder aus und klicke auf \u00abAbsenden\u00bb. Du wirst schon bald von mir h\u00f6ren! Du m\u00f6chtest mich anders Kontaktieren? Dann ruf mich doch einfach an oder schreib mir eine E-Mail.<\/p>\n<p style=\"outline: none;\"><em><span style=\"color: #666666; outline: none;\"><span style=\"text-decoration: underline;\">E-Mail<\/span>: <\/span><\/em><a style=\"outline: none;\" href=\"mailto:kontakt@frauke-kuhlus.de\">kontakt@frauke-kuhlus.de<\/a><br \/>\n<span style=\"text-decoration: underline; color: #666666;\"><span style=\"text-decoration: underline;\"><em style=\"outline: none;\">Telefon\/WhatsApp:<\/em><\/span>\u00a0<\/span> <a href=\"tel:+49%201578 2974278\">+49 1578 2974278<\/a><\/p>\n<p>Ich freue mich auf deine Nachricht und werde mich so bald wie m\u00f6glich bei Dir melden.<\/p>\n<p>[\/et_pb_text][et_pb_toggle title=&#8220;So formulierst du dein Anliegen&#8220; module_id=&#8220;anliegen&#8220; _builder_version=&#8220;4.14.9&#8243; _module_preset=&#8220;default&#8220; body_ol_position=&#8220;outside&#8220; body_ol_item_indent=&#8220;5px&#8220; body_quote_border_color=&#8220;#000000&#8243; body_ol_font=&#8220;|300|||||||&#8220; body_ol_text_align=&#8220;left&#8220; body_ol_line_height=&#8220;1.3em&#8220; global_colors_info=&#8220;{}&#8220;]<\/p>\n<p style=\"outline: none;\">Sei am besten alleine f\u00fcr dich, es sollte DEIN Anliegen sein, ganz pers\u00f6nlich nur f\u00fcr dich.<\/p>\n<p><em>\u00dcbrigens: es funktioniert nicht, wenn du f\u00fcr jemanden anderes ein Anliegen kl\u00e4ren m\u00f6chtest. So gut wie es gemeint ist, du wirst keine Antwort finden.<\/em><\/p>\n<p>Also, du m\u00f6chtest dir einen Schmerz anschauen, eine Blockade erkennen oder f\u00fcr dich eine Antwort finden, was du jetzt tun kannst?<\/p>\n<p style=\"outline: none;\">Dann schlage ich folgende Vorgehensweise vor: Schau dir jeden der folgenden Lebensbereiche an, sie regen dich an, dein Leben bis hierher zu reflektieren. Bist du mit diesem Bereich in Deinem Leben im Reinen? Wie hast du das bis hierher erlebt? Wie erlebst du das genaue Hinschauen hier, f\u00fcr dich? Was braucht noch eine besondere Betrachtung, wo tut es weh, wo zieht sich dein Bauch zusammen?<\/p>\n<ol>\n<li style=\"outline: none;\"><u>Begegnungen<\/u> \/ so begegne ich mir, so zeige ich mich der Welt<\/li>\n<li style=\"outline: none;\"><u>Substanz<\/u> \/ dieses Talent bringe ich mit, diese materiellen G\u00fcter brauche ich<\/li>\n<li style=\"outline: none;\"><u>Bildung<\/u> \/ so bilde ich mich weiter, so lerne ich und so teile ich mein Wissen der Welt mit<\/li>\n<li style=\"outline: none;\"><u>Wurzel<\/u> \/ so wichtig sind mir die Bed\u00fcrfnisse anderer, diese Traditionen sind mir wichtig<\/li>\n<li style=\"outline: none;\"><u>Inneres Kind <\/u>\/ so erlebe ich Sexualit\u00e4t, so habe ich Spa\u00df, so kann ich machen was ich will<\/li>\n<li style=\"outline: none;\"><u>Rhythmus <\/u>\/ so sieht mein Alltag aus, so erlebe ich meinen Tagesrhythmus<\/li>\n<li style=\"outline: none;\"><u>Role model<\/u> \/ so m\u00f6chte ich auch sein, so bin ich in Beziehungen<\/li>\n<li style=\"outline: none;\"><u>Ver\u00e4nderungen<\/u> \/ so reagiere ich auf Herausforderungen<\/li>\n<li style=\"outline: none;\"><u>Lebenssinn<\/u> \/ das ist mein Bewusstsein, das sind meine Perspektiven, das ist meine Wahrnehmung<\/li>\n<li style=\"outline: none;\"><u>Status<\/u> \/ daf\u00fcr bekomme ich Anerkennung, das braucht die Welt von mir<\/li>\n<li style=\"outline: none;\"><u>Ziele<\/u> \/ das sind meine W\u00fcnsche, meine Hoffnungen, wo muss ich alleine durch, wo kann ich auf Hilfe z\u00e4hlen?<\/li>\n<li><u>Mein ICH<\/u> \/ so reflektiere ich mich, so tanke ich neue Kraft<\/li>\n<\/ol>\n<h4 style=\"outline: none;\"><span style=\"font-size: x-large;\"><strong style=\"outline: none;\">Einige Beispiele<\/strong><\/span><\/h4>\n<p style=\"outline: none;\">Wenn du dir gerne mehr Anerkennung w\u00fcnschst im Au\u00dfen und du hast das Gef\u00fchl, \u201edich abzustrampeln\u201c, und wirst trotzdem nicht gesehen, k\u00f6nntest du das f\u00fcr dich ausformulieren, z.B.:\u201c ich w\u00fcnsche mir mehr Anerkennung f\u00fcr meine Leistung\u201c.<\/p>\n<p style=\"outline: none;\">Horche in dich hinein, was diese erste Formulierung in dir f\u00fcr Gef\u00fchle ausl\u00f6st. Ist es DEIN Anliegen, sp\u00fcrst du jetzt eine Ver\u00e4nderung, vielleicht ein leichtes Flattern in der Kehle, dein Bauch zieht sich zusammen, dein Kopf schmerzt oder\u2026<br \/>\nDann kannst du das Anliegen gerne noch auf wenige W\u00f6rter zusammen &#8222;dampfen&#8220;:<\/p>\n<p style=\"outline: none;\">z.B.: <em>I<\/em><em style=\"outline: none;\">ch will Anerkennung Leistung<\/em><\/p>\n<p style=\"outline: none;\">Weitere Beispiele f\u00fcr Anliegen:<\/p>\n<p style=\"outline: none;\"><em>Ich will leben<\/em><\/p>\n<p><em>Ich will lieben<\/em><\/p>\n<p><em>Liebe f\u00fcr mich<\/em><\/p>\n<p><em>Geld f\u00fcr mich<\/em><\/p>\n<p style=\"outline: none;\"><em>Erfolg f\u00fcr mich<\/em><\/p>\n<p><em>Erfolg bedeutet f\u00fcr mich<\/em><\/p>\n<p><em>Gesundheit und ich<\/em><\/p>\n<p style=\"outline: none;\"><em>Meine Haut und ich<\/em><\/p>\n<p><em style=\"outline: none;\">Hexenschuss (hier kann jedes Symptom Platz finden) und ich<\/em><\/p>\n<p style=\"outline: none;\"><em>Meine Mutter (hier kann jede Person eingesetzt werden) und ich<\/em><\/p>\n<p style=\"outline: none;\"><em style=\"outline: none;\">Meine Selbstliebe und ich<\/em><\/p>\n<p style=\"outline: none;\">Super gemacht, der Prozess hat begonnen, du hast dich jetzt bereits f\u00fcr eine gute L\u00f6sung ge\u00f6ffnet. Unsere Zeit bringt dir mehr Klarheit, welche Deiner Ressourcen und Talente dir im Prozess helfen.<\/p>\n<p>[\/et_pb_toggle][\/et_pb_column][\/et_pb_row][\/et_pb_section]<\/p>\n","protected":false},"excerpt":{"rendered":"<p>[et_pb_section fb_built=&#8220;1&#8243; admin_label=&#8220;Header&#8220; _builder_version=&#8220;4.14.9&#8243; background_color=&#8220;#f7f7f7&#8243; custom_margin=&#8220;0px||||false|false&#8220; custom_margin_tablet=&#8220;-150px||||false|false&#8220; custom_margin_phone=&#8220;-150px||||false|false&#8220; custom_margin_last_edited=&#8220;on|phone&#8220; custom_padding=&#8220;||0px||false|false&#8220; global_colors_info=&#8220;{}&#8220;][et_pb_row _builder_version=&#8220;4.14.9&#8243; z_index=&#8220;1&#8243; custom_margin=&#8220;60px|auto||auto|false|false&#8220; custom_margin_tablet=&#8220;60px|auto||auto|false|false&#8220; custom_margin_phone=&#8220;0px||||false|false&#8220; custom_margin_last_edited=&#8220;on|phone&#8220; custom_padding=&#8220;||0px|||&#8220; global_colors_info=&#8220;{}&#8220;][et_pb_column type=&#8220;4_4&#8243; _builder_version=&#8220;4.4.0&#8243; custom_padding=&#8220;||||false|false&#8220; global_colors_info=&#8220;{}&#8220;][et_pb_text _builder_version=&#8220;4.10.5&#8243; _module_preset=&#8220;default&#8220; header_font=&#8220;Domine||||||||&#8220; header_font_size=&#8220;3.5rem&#8220; global_colors_info=&#8220;{}&#8220;] Buchung [\/et_pb_text][et_pb_text _builder_version=&#8220;4.14.9&#8243; _module_preset=&#8220;default&#8220; text_font=&#8220;Open Sans||||||||&#8220; global_colors_info=&#8220;{}&#8220;] Bevor du das Formular ausf\u00fcllst und abschickst, lese dir bitte den Leitfaden, wie du dein Anliegen findest, durch. Um zum&hellip;<\/p>\n<a class=\"read-more-link\" href=\" https:\/\/frauke-kuhlus.de\/index.php\/buchung\/ \">Read More<\/a>","protected":false},"author":1,"featured_media":0,"parent":0,"menu_order":0,"comment_status":"closed","ping_status":"closed","template":"","meta":{"_acf_changed":false,"_et_pb_use_builder":"on","_et_pb_old_content":"","_et_gb_content_width":"","inline_featured_image":false,"jetpack_post_was_ever_published":false,"footnotes":""},"class_list":["post-1607","page","type-page","status-publish","hentry","no-featured-image"],"acf":[],"jetpack_sharing_enabled":true,"_links":{"self":[{"href":"https:\/\/frauke-kuhlus.de\/index.php\/wp-json\/wp\/v2\/pages\/1607","targetHints":{"allow":["GET"]}}],"collection":[{"href":"https:\/\/frauke-kuhlus.de\/index.php\/wp-json\/wp\/v2\/pages"}],"about":[{"href":"https:\/\/frauke-kuhlus.de\/index.php\/wp-json\/wp\/v2\/types\/page"}],"author":[{"embeddable":true,"href":"https:\/\/frauke-kuhlus.de\/index.php\/wp-json\/wp\/v2\/users\/1"}],"replies":[{"embeddable":true,"href":"https:\/\/frauke-kuhlus.de\/index.php\/wp-json\/wp\/v2\/comments?post=1607"}],"version-history":[{"count":45,"href":"https:\/\/frauke-kuhlus.de\/index.php\/wp-json\/wp\/v2\/pages\/1607\/revisions"}],"predecessor-version":[{"id":2607,"href":"https:\/\/frauke-kuhlus.de\/index.php\/wp-json\/wp\/v2\/pages\/1607\/revisions\/2607"}],"wp:attachment":[{"href":"https:\/\/frauke-kuhlus.de\/index.php\/wp-json\/wp\/v2\/media?parent=1607"}],"curies":[{"name":"wp","href":"https:\/\/api.w.org\/{rel}","templated":true}]}}