{"id":1548,"date":"2022-04-20T09:33:08","date_gmt":"2022-04-20T09:33:08","guid":{"rendered":"https:\/\/frauke-kuhlus.de\/?page_id=1548"},"modified":"2026-03-09T12:35:18","modified_gmt":"2026-03-09T12:35:18","slug":"astrologische-beratung","status":"publish","type":"page","link":"https:\/\/frauke-kuhlus.de\/index.php\/astrologische-beratung\/","title":{"rendered":"STANDORT &amp; AUSRICHTUNG"},"content":{"rendered":"<p>[et_pb_section fb_built=&#8220;1&#8243; _builder_version=&#8220;3.22&#8243; min_height=&#8220;2010.5px&#8220; custom_margin=&#8220;2px|||||&#8220; global_colors_info=&#8220;{}&#8220;][et_pb_row _builder_version=&#8220;3.25&#8243; background_size=&#8220;initial&#8220; background_position=&#8220;top_left&#8220; background_repeat=&#8220;repeat&#8220; custom_margin=&#8220;1px|auto|-22px|auto||&#8220; global_colors_info=&#8220;{}&#8220;][et_pb_column type=&#8220;4_4&#8243; _builder_version=&#8220;3.25&#8243; custom_padding=&#8220;|||&#8220; global_colors_info=&#8220;{}&#8220; custom_padding__hover=&#8220;|||&#8220;][et_pb_text disabled_on=&#8220;off|off|on&#8220; _builder_version=&#8220;4.14.9&#8243; _module_preset=&#8220;default&#8220; header_font_size=&#8220;40px&#8220; background_color=&#8220;#FFFFFF&#8220; custom_margin=&#8220;-95px||-1px||false|false&#8220; custom_margin_tablet=&#8220;-255px||0px||false|false&#8220; custom_margin_phone=&#8220;-245px||||false|false&#8220; custom_margin_last_edited=&#8220;on|tablet&#8220; custom_padding=&#8220;||50px||false|false&#8220; header_font_size_tablet=&#8220;55px&#8220; header_font_size_phone=&#8220;45px&#8220; header_font_size_last_edited=&#8220;on|tablet&#8220; global_colors_info=&#8220;{}&#8220;]<\/p>\n<h1 style=\"outline: none;\"><strong style=\"outline: none;\">Ein Kl\u00e4rungsgespr\u00e4ch zur Einordnung deiner Lebensphase<\/strong><\/h1>\n<p>[\/et_pb_text][et_pb_image src=&#8220;https:\/\/frauke-kuhlus.de\/wp-content\/uploads\/2022\/04\/DSC0850.jpg&#8220; title_text=&#8220;_DSC0850&#8243; _builder_version=&#8220;4.14.9&#8243; _module_preset=&#8220;default&#8220; custom_padding=&#8220;|||34px||&#8220; global_colors_info=&#8220;{}&#8220;][\/et_pb_image][et_pb_text _builder_version=&#8220;4.14.9&#8243; background_size=&#8220;initial&#8220; background_position=&#8220;top_left&#8220; background_repeat=&#8220;repeat&#8220; custom_padding=&#8220;|||30px||&#8220; inline_fonts=&#8220;Cutive Mono&#8220; global_colors_info=&#8220;{}&#8220;]<\/p>\n<p><!-- divi:image {\"id\":1537,\"sizeSlug\":\"large\",\"linkDestination\":\"none\"} --><\/p>\n<blockquote>\n<h2>Nicht jede Unruhe ist ein Ruf zum Handeln.<br \/>\nManchmal ist sie ein \u00dcbergang.<\/h2>\n<\/blockquote>\n<h3><\/h3>\n<p><strong>Dieses Gespr\u00e4ch dient der Einordnung deiner aktuellen Lebensphase.<br \/>\nWir schauen gemeinsam auf das, was wirkt \u2013<br \/>\nauf wiederkehrende Muster, aktuelle Dynamiken<br \/>\nund die Kr\u00e4fte, die in dir angelegt sind.<\/strong><\/p>\n<p><strong>Ich arbeite mit systemischem Blick<br \/>\nund nutze Astrologie als Instrument, um gr\u00f6\u00dfere Zusammenh\u00e4nge und Lebensphasen sichtbar zu machen.<\/strong><\/p>\n<p><strong>Als \u00dcbersetzerin dieser Lebenszyklen ordne ich die Bewegung,<br \/>\ndie in deinem Leben wirksam ist, f\u00fcr dich ein \u2013<br \/>\nund du entscheidest, wie du dich darin neu ausrichtest.<\/strong><\/p>\n<p><strong>Im Gespr\u00e4ch kl\u00e4ren wir:<\/strong><\/p>\n<ul>\n<li><strong>Wo stehst du wirklich?<\/strong><\/li>\n<li><strong>Was geh\u00f6rt zu dieser Phase \u2013 und was darf sich neu ordnen?<\/strong><\/li>\n<li><strong>Welche deiner Ressourcen m\u00f6chten jetzt gelebt werden?<\/strong><\/li>\n<li><strong>Was ist dein n\u00e4chster stimmiger Schritt?<\/strong><\/li>\n<\/ul>\n<p><strong>Am Ende steht Klarheit durch innere Orientierung \u2013<br \/>\nund ein Schritt, der deiner ist.<\/strong><\/p>\n<p><strong>Das Gespr\u00e4ch ist konzentriert, strukturiert und verbindlich.<\/strong><\/p>\n<p><strong>Optional erh\u00e4ltst du eine Aufzeichnung.<br \/>\nIm Anschluss sende ich dir die zentralen Punkte in einer kurzen Zusammenfassung.<\/strong><\/p>\n<p><!-- \/divi:paragraph --><\/p>\n<p>[\/et_pb_text][et_pb_image src=&#8220;https:\/\/frauke-kuhlus.de\/wp-content\/uploads\/2024\/12\/BILD.de-.png&#8220; _builder_version=&#8220;4.9.3&#8243; _module_preset=&#8220;default&#8220; title_text=&#8220;BILD.de&#8220; hover_enabled=&#8220;0&#8243; sticky_enabled=&#8220;0&#8243;][\/et_pb_image][et_pb_text _builder_version=&#8220;4.14.9&#8243; background_size=&#8220;initial&#8220; background_position=&#8220;top_left&#8220; background_repeat=&#8220;repeat&#8220; global_colors_info=&#8220;{}&#8220;]<\/p>\n<p><!-- divi:image {\"id\":1537,\"sizeSlug\":\"large\",\"linkDestination\":\"none\"} --><\/p>\n<p style=\"outline: none;\"><strong>Kennst du dein Horoskop, kennst du deinen Entfaltungsweg, deine Begabungen, Kompetenzen und Veranlagungen.<br \/>\n<\/strong><strong>Du bleibst in der 100 prozentigen Eigenverantwortung.<br \/>\nUnd deine M\u00f6glichkeiten bekommen eine Stimme.\u00a0<\/strong><\/p>\n<p style=\"outline: none;\"><strong>Dein Horoskop zeigt dir den Hintergrund f\u00fcr Herausforderungen und es zeigt dir deinen Entwicklungsspielraum. F\u00fcr ein selbstbestimmtes, sinnhaftes und erfolgreiches Leben.<\/strong><\/p>\n<p><!-- \/divi:paragraph --><\/p>\n<p>[\/et_pb_text][et_pb_image src=&#8220;https:\/\/frauke-kuhlus.de\/wp-content\/uploads\/2024\/12\/unnamed.jpg&#8220; _builder_version=&#8220;4.9.3&#8243; _module_preset=&#8220;default&#8220; title_text=&#8220;unnamed&#8220; hover_enabled=&#8220;0&#8243; sticky_enabled=&#8220;0&#8243;][\/et_pb_image][et_pb_accordion _builder_version=&#8220;4.14.9&#8243; _module_preset=&#8220;default&#8220; global_colors_info=&#8220;{}&#8220;][et_pb_accordion_item title=&#8220;Was ist meine Lebensaufgabe &amp; ist sie von au\u00dfen sichtbar?&#8220; open=&#8220;on&#8220; _builder_version=&#8220;4.14.9&#8243; _module_preset=&#8220;default&#8220; global_colors_info=&#8220;{}&#8220;]<\/p>\n<p>[\/et_pb_accordion_item][et_pb_accordion_item title=&#8220;Was ist meine Aufgabe hier im Leben? Was erf\u00fcllt mich mit Stolz auf mich? Wobei l\u00e4chel ich mir selbst zu und was bin ich mir wert?&#8220; _builder_version=&#8220;4.14.9&#8243; _module_preset=&#8220;default&#8220; global_colors_info=&#8220;{}&#8220; open=&#8220;off&#8220;]<\/p>\n<p>[\/et_pb_accordion_item][\/et_pb_accordion][et_pb_text _builder_version=&#8220;4.14.9&#8243; _module_preset=&#8220;default&#8220; global_colors_info=&#8220;{}&#8220;]<\/p>\n<h4 style=\"outline: none;\"><strong>So kann der ABLAUF der Beratung sein<\/strong><\/h4>\n<p>Du kannst zu mir in meinen Raum in M\u00fclheim Ruhr kommen oder wir arbeiten online.<\/p>\n<p>Ich kenne dein ANLIEGEN, deinen Geburtstag, deine Geburtsuhrzeit und den Geburtsort.<br \/>\nDamit bereite ich mich vor. Ich schaue mir deine Potentiale im Geburtshoroskop genau an und in Bezug auf dein Anliegen, welche aktuellen Transite Herausforderungen bringen und welcher Lebenszyklus gerade bei dir in Schwingung ist.<\/p>\n<p>Astrologische Vorkenntnisse sind hierbei \u00fcberhaupt nicht wichtig.<\/p>\n<p>Ich erkl\u00e4re dir welche Unterst\u00fctzungen da sind, welche Herausforderung oder Entscheidung aufgrund von Transiten ansteht. Du verstehst, welche Idee deine Seele in deinem Leben umsetzen m\u00f6chte und kannst dich mit dir verbinden.<\/p>\n<h4><strong>Deine n\u00e4chsten Schritte:<\/strong><\/h4>\n<p style=\"outline: none;\">Um einen TERMIN zu vereinbaren, klicke bitte unten auf den BUTTON und f\u00fclle den Fragebogen aus, damit ich genau verstehe, worum es geht, und mich optimal auf unser Gespr\u00e4ch vorbereiten kann.<\/p>\n<p style=\"outline: none;\">[\/et_pb_text][et_pb_image src=&#8220;https:\/\/frauke-kuhlus.de\/wp-content\/uploads\/2024\/05\/trees-gef36da245_1920.jpg&#8220; _builder_version=&#8220;4.9.3&#8243; _module_preset=&#8220;default&#8220; title_text=&#8220;trees-gef36da245_1920&#8243; hover_enabled=&#8220;0&#8243; sticky_enabled=&#8220;0&#8243;][\/et_pb_image][\/et_pb_column][\/et_pb_row][\/et_pb_section][et_pb_section fb_built=&#8220;1&#8243; _builder_version=&#8220;4.14.9&#8243; _module_preset=&#8220;default&#8220; custom_padding=&#8220;||0px|||&#8220; global_colors_info=&#8220;{}&#8220;][et_pb_row _builder_version=&#8220;4.14.9&#8243; _dynamic_attributes=&#8220;link_option_url&#8220; _module_preset=&#8220;default&#8220; custom_margin=&#8220;-28px|auto|-5px|auto||&#8220; custom_padding=&#8220;||13px|||&#8220; link_option_url=&#8220;@ET-DC@eyJkeW5hbWljIjp0cnVlLCJjb250ZW50IjoicG9zdF9saW5rX3VybF9wYWdlIiwic2V0dGluZ3MiOnsicG9zdF9pZCI6IjE2MDcifX0=@&#8220; global_colors_info=&#8220;{}&#8220;][et_pb_column type=&#8220;4_4&#8243; _builder_version=&#8220;4.14.9&#8243; _module_preset=&#8220;default&#8220; custom_padding=&#8220;15px||5px||false|false&#8220; border_width_all=&#8220;1px&#8220; global_colors_info=&#8220;{}&#8220;][et_pb_text _builder_version=&#8220;4.14.9&#8243; _module_preset=&#8220;default&#8220; custom_padding=&#8220;|35px||35px|false|true&#8220; global_colors_info=&#8220;{}&#8220;]<\/p>\n<h4 style=\"text-align: center;\">Einen Termin vereinbaren<\/h4>\n<p><strong>Optional erh\u00e4ltst du eine Aufzeichnung.<br \/>\nIm Anschluss sende ich dir die zentralen Punkte in einer kurzen Zusammenfassung.<\/strong><\/p>\n<p>[\/et_pb_text][et_pb_button button_url=&#8220;https:\/\/frauke-kuhlus.de\/index.php\/buchung&#8220; button_text=&#8220;Jetzt f\u00fcr 240\u20ac \/ 90 Minuten buchen&#8220; button_alignment=&#8220;center&#8220; _builder_version=&#8220;4.14.9&#8243; _module_preset=&#8220;default&#8220; custom_button=&#8220;on&#8220; button_text_size=&#8220;16px&#8220; button_text_color=&#8220;#000000&#8243; button_bg_color=&#8220;RGBA(255,255,255,0)&#8220; button_border_width=&#8220;1.32px&#8220; button_border_radius=&#8220;0px&#8220; button_use_icon=&#8220;off&#8220; custom_margin=&#8220;||10px||false|false&#8220; button_text_color_last_edited=&#8220;off|desktop&#8220; global_colors_info=&#8220;{}&#8220; button_text_color__hover_enabled=&#8220;on|desktop&#8220; button_text_color__hover=&#8220;#FFFFFF&#8220; button_bg_color__hover_enabled=&#8220;on|hover&#8220; button_bg_color__hover=&#8220;#000000&#8243; button_bg_enable_color__hover=&#8220;on&#8220;][\/et_pb_button][\/et_pb_column][\/et_pb_row][\/et_pb_section]<\/p>\n","protected":false},"excerpt":{"rendered":"<p>[et_pb_section fb_built=&#8220;1&#8243; _builder_version=&#8220;3.22&#8243; min_height=&#8220;2010.5px&#8220; custom_margin=&#8220;2px|||||&#8220; global_colors_info=&#8220;{}&#8220;][et_pb_row _builder_version=&#8220;3.25&#8243; background_size=&#8220;initial&#8220; background_position=&#8220;top_left&#8220; background_repeat=&#8220;repeat&#8220; custom_margin=&#8220;1px|auto|-22px|auto||&#8220; global_colors_info=&#8220;{}&#8220;][et_pb_column type=&#8220;4_4&#8243; _builder_version=&#8220;3.25&#8243; custom_padding=&#8220;|||&#8220; global_colors_info=&#8220;{}&#8220; custom_padding__hover=&#8220;|||&#8220;][et_pb_text disabled_on=&#8220;off|off|on&#8220; _builder_version=&#8220;4.14.9&#8243; _module_preset=&#8220;default&#8220; header_font_size=&#8220;40px&#8220; background_color=&#8220;#FFFFFF&#8220; custom_margin=&#8220;-95px||-1px||false|false&#8220; custom_margin_tablet=&#8220;-255px||0px||false|false&#8220; custom_margin_phone=&#8220;-245px||||false|false&#8220; custom_margin_last_edited=&#8220;on|tablet&#8220; custom_padding=&#8220;||50px||false|false&#8220; header_font_size_tablet=&#8220;55px&#8220; header_font_size_phone=&#8220;45px&#8220; header_font_size_last_edited=&#8220;on|tablet&#8220; global_colors_info=&#8220;{}&#8220;] Ein Kl\u00e4rungsgespr\u00e4ch zur Einordnung deiner Lebensphase [\/et_pb_text][et_pb_image src=&#8220;https:\/\/frauke-kuhlus.de\/wp-content\/uploads\/2022\/04\/DSC0850.jpg&#8220; title_text=&#8220;_DSC0850&#8243; _builder_version=&#8220;4.14.9&#8243; _module_preset=&#8220;default&#8220; custom_padding=&#8220;|||34px||&#8220; global_colors_info=&#8220;{}&#8220;][\/et_pb_image][et_pb_text _builder_version=&#8220;4.14.9&#8243; background_size=&#8220;initial&#8220; background_position=&#8220;top_left&#8220; background_repeat=&#8220;repeat&#8220; custom_padding=&#8220;|||30px||&#8220; inline_fonts=&#8220;Cutive Mono&#8220; global_colors_info=&#8220;{}&#8220;] Nicht jede Unruhe&hellip;<\/p>\n<a class=\"read-more-link\" href=\" https:\/\/frauke-kuhlus.de\/index.php\/astrologische-beratung\/ \">Read More<\/a>","protected":false},"author":1,"featured_media":0,"parent":0,"menu_order":0,"comment_status":"closed","ping_status":"closed","template":"","meta":{"_acf_changed":false,"_et_pb_use_builder":"on","_et_pb_old_content":"<!-- wp:divi\/placeholder \/-->","_et_gb_content_width":"","inline_featured_image":false,"jetpack_post_was_ever_published":false,"footnotes":""},"class_list":["post-1548","page","type-page","status-publish","hentry","no-featured-image"],"acf":[],"jetpack_sharing_enabled":true,"_links":{"self":[{"href":"https:\/\/frauke-kuhlus.de\/index.php\/wp-json\/wp\/v2\/pages\/1548","targetHints":{"allow":["GET"]}}],"collection":[{"href":"https:\/\/frauke-kuhlus.de\/index.php\/wp-json\/wp\/v2\/pages"}],"about":[{"href":"https:\/\/frauke-kuhlus.de\/index.php\/wp-json\/wp\/v2\/types\/page"}],"author":[{"embeddable":true,"href":"https:\/\/frauke-kuhlus.de\/index.php\/wp-json\/wp\/v2\/users\/1"}],"replies":[{"embeddable":true,"href":"https:\/\/frauke-kuhlus.de\/index.php\/wp-json\/wp\/v2\/comments?post=1548"}],"version-history":[{"count":38,"href":"https:\/\/frauke-kuhlus.de\/index.php\/wp-json\/wp\/v2\/pages\/1548\/revisions"}],"predecessor-version":[{"id":2697,"href":"https:\/\/frauke-kuhlus.de\/index.php\/wp-json\/wp\/v2\/pages\/1548\/revisions\/2697"}],"wp:attachment":[{"href":"https:\/\/frauke-kuhlus.de\/index.php\/wp-json\/wp\/v2\/media?parent=1548"}],"curies":[{"name":"wp","href":"https:\/\/api.w.org\/{rel}","templated":true}]}}